{"id":383,"date":"2021-01-22T08:31:51","date_gmt":"2021-01-22T08:31:51","guid":{"rendered":"http:\/\/axilthemes.com\/themes\/blogar\/?page_id=383"},"modified":"2025-06-16T20:43:45","modified_gmt":"2025-06-16T20:43:45","slug":"balayi-iletisim","status":"publish","type":"page","link":"https:\/\/www.fiveandmoretravel.com\/blog\/balayi-iletisim\/","title":{"rendered":"\u00c7iftler i\u00e7in ileti\u015fim"},"content":{"rendered":"\t\t<div data-elementor-type=\"wp-page\" data-elementor-id=\"383\" class=\"elementor elementor-383\" data-elementor-post-type=\"page\">\n\t\t\t\t<div class=\"elementor-element elementor-element-6734b24 e-con-full e-flex e-con e-parent\" data-id=\"6734b24\" data-element_type=\"container\" data-e-type=\"container\">\n\t\t\t\t<div class=\"elementor-element elementor-element-d31312c elementor-widget elementor-widget-image\" data-id=\"d31312c\" data-element_type=\"widget\" data-e-type=\"widget\" data-widget_type=\"image.default\">\n\t\t\t\t<div class=\"elementor-widget-container\">\n\t\t\t\t\t\t\t\t\t\t\t\t\t\t\t<img fetchpriority=\"high\" decoding=\"async\" width=\"640\" height=\"91\" src=\"https:\/\/www.fiveandmoretravel.com\/blog\/wp-content\/uploads\/2025\/02\/maldivler-banner-1024x146.jpg\" class=\"attachment-large size-large wp-image-3924\" alt=\"\" srcset=\"https:\/\/www.fiveandmoretravel.com\/blog\/wp-content\/uploads\/2025\/02\/maldivler-banner-1024x146.jpg 1024w, https:\/\/www.fiveandmoretravel.com\/blog\/wp-content\/uploads\/2025\/02\/maldivler-banner-300x43.jpg 300w, https:\/\/www.fiveandmoretravel.com\/blog\/wp-content\/uploads\/2025\/02\/maldivler-banner-768x110.jpg 768w, https:\/\/www.fiveandmoretravel.com\/blog\/wp-content\/uploads\/2025\/02\/maldivler-banner-1536x219.jpg 1536w, https:\/\/www.fiveandmoretravel.com\/blog\/wp-content\/uploads\/2025\/02\/maldivler-banner-2048x293.jpg 2048w, https:\/\/www.fiveandmoretravel.com\/blog\/wp-content\/uploads\/2025\/02\/maldivler-banner.jpg 1250w\" sizes=\"(max-width: 640px) 100vw, 640px\" \/>\t\t\t\t\t\t\t\t\t\t\t\t\t\t\t<\/div>\n\t\t\t\t<\/div>\n\t\t\t\t<\/div>\n\t\t\t\t<section class=\"elementor-section elementor-top-section elementor-element elementor-element-6cc26c1 axil-post-list-area axil-section-gap bg-color-white elementor-section-boxed elementor-section-height-default elementor-section-height-default\" data-id=\"6cc26c1\" data-element_type=\"section\" data-e-type=\"section\">\n\t\t\t\t\t\t<div class=\"elementor-container elementor-column-gap-extended\">\n\t\t\t\t\t<div class=\"elementor-column elementor-col-100 elementor-top-column elementor-element elementor-element-9b65f83\" data-id=\"9b65f83\" data-element_type=\"column\" data-e-type=\"column\">\n\t\t\t<div class=\"elementor-widget-wrap elementor-element-populated\">\n\t\t\t\t\t\t<div class=\"elementor-element elementor-element-441899d elementor-widget elementor-widget-heading\" data-id=\"441899d\" data-element_type=\"widget\" data-e-type=\"widget\" data-widget_type=\"heading.default\">\n\t\t\t\t<div class=\"elementor-widget-container\">\n\t\t\t\t\t<h2 class=\"elementor-heading-title elementor-size-default\">Yurtd\u0131\u015f\u0131 Balay\u0131n\u0131z\u0131 Planlarken Merak Etti\u011finiz<br>Her \u015eeyi Bize Sorabilirsiniz!\n<\/h2>\t\t\t\t<\/div>\n\t\t\t\t<\/div>\n\t\t\t\t\t<\/div>\n\t\t<\/div>\n\t\t\t\t\t<\/div>\n\t\t<\/section>\n\t\t<div class=\"elementor-element elementor-element-061b90a e-flex e-con-boxed e-con e-parent\" data-id=\"061b90a\" data-element_type=\"container\" data-e-type=\"container\">\n\t\t\t\t\t<div class=\"e-con-inner\">\n\t\t<div class=\"elementor-element elementor-element-6777a19 e-con-full e-flex e-con e-child\" data-id=\"6777a19\" data-element_type=\"container\" data-e-type=\"container\">\n\t\t\t\t<\/div>\n\t\t<div class=\"elementor-element elementor-element-3074dca e-con-full e-flex e-con e-child\" data-id=\"3074dca\" data-element_type=\"container\" data-e-type=\"container\">\n\t\t<div class=\"elementor-element elementor-element-e39ed18 e-con-full e-flex e-con e-child\" data-id=\"e39ed18\" data-element_type=\"container\" data-e-type=\"container\">\n\t\t\t\t<div class=\"elementor-element elementor-element-dba2cfd elementor-widget elementor-widget-blogar-contact-form\" data-id=\"dba2cfd\" data-element_type=\"widget\" data-e-type=\"widget\" data-widget_type=\"blogar-contact-form.default\">\n\t\t\t\t<div class=\"elementor-widget-container\">\n\t\t\t\t\t        <div class=\"axil-contact-form-area\">\n            <!-- Start Contact Form -->\n             <div class=\"axil-contact-form contact-form--1\"> \n<div class=\"wpcf7 no-js\" id=\"wpcf7-f3910-o1\" lang=\"tr-TR\" dir=\"ltr\" data-wpcf7-id=\"3910\">\n<div class=\"screen-reader-response\"><p role=\"status\" aria-live=\"polite\" aria-atomic=\"true\"><\/p> <ul><\/ul><\/div>\n<form action=\"\/blog\/wp-json\/wp\/v2\/pages\/383#wpcf7-f3910-o1\" method=\"post\" class=\"wpcf7-form init\" aria-label=\"\u0130leti\u015fim Formu\" novalidate=\"novalidate\" data-status=\"init\">\n<fieldset class=\"hidden-fields-container\"><input type=\"hidden\" name=\"_wpcf7\" value=\"3910\" \/><input type=\"hidden\" name=\"_wpcf7_version\" value=\"6.1.5\" \/><input type=\"hidden\" name=\"_wpcf7_locale\" value=\"tr_TR\" \/><input type=\"hidden\" name=\"_wpcf7_unit_tag\" value=\"wpcf7-f3910-o1\" \/><input type=\"hidden\" name=\"_wpcf7_container_post\" value=\"0\" \/><input type=\"hidden\" name=\"_wpcf7_posted_data_hash\" value=\"\" \/>\n<\/fieldset>\n<label> Ad\u0131n\u0131z\n    <span class=\"wpcf7-form-control-wrap\" data-name=\"your-name\"><input size=\"40\" maxlength=\"400\" class=\"wpcf7-form-control wpcf7-text wpcf7-validates-as-required\" autocomplete=\"name\" aria-required=\"true\" aria-invalid=\"false\" value=\"\" type=\"text\" name=\"your-name\" \/><\/span> <\/label>\n\n<label> E-posta adresiniz\n    <span class=\"wpcf7-form-control-wrap\" data-name=\"your-email\"><input size=\"40\" maxlength=\"400\" class=\"wpcf7-form-control wpcf7-email wpcf7-validates-as-required wpcf7-text wpcf7-validates-as-email\" autocomplete=\"email\" aria-required=\"true\" aria-invalid=\"false\" value=\"\" type=\"email\" name=\"your-email\" \/><\/span> <\/label>\n\n<label> Telefon numaran\u0131z\n     <span class=\"wpcf7-form-control-wrap\" data-name=\"tel-293\"><input size=\"40\" maxlength=\"400\" class=\"wpcf7-form-control wpcf7-tel wpcf7-validates-as-required wpcf7-text wpcf7-validates-as-tel\" aria-required=\"true\" aria-invalid=\"false\" value=\"\" type=\"tel\" name=\"tel-293\" \/><\/span><\/label>\n\n<label> \u0130letiniz (tercihe ba\u011fl\u0131)\n    <span class=\"wpcf7-form-control-wrap\" data-name=\"your-message\"><textarea cols=\"40\" rows=\"10\" maxlength=\"2000\" class=\"wpcf7-form-control wpcf7-textarea\" aria-invalid=\"false\" name=\"your-message\"><\/textarea><\/span> <\/label>\n\n\n<input class=\"wpcf7-form-control wpcf7-submit has-spinner\" type=\"submit\" value=\"G\u00f6nder\" \/><div class=\"wpcf7-response-output\" aria-hidden=\"true\"><\/div>\n<\/form>\n<\/div>\n <\/div>         <\/div>\n\n        \t\t\t\t<\/div>\n\t\t\t\t<\/div>\n\t\t\t\t<\/div>\n\t\t\t\t<\/div>\n\t\t<div class=\"elementor-element elementor-element-c1ee8d2 e-con-full e-flex e-con e-child\" data-id=\"c1ee8d2\" data-element_type=\"container\" data-e-type=\"container\">\n\t\t\t\t<\/div>\n\t\t\t\t\t<\/div>\n\t\t\t\t<\/div>\n\t\t\t\t<\/div>\n\t\t","protected":false},"excerpt":{"rendered":"<p>Yurtd\u0131\u015f\u0131 Balay\u0131n\u0131z\u0131 Planlarken Merak Etti\u011finizHer \u015eeyi Bize Sorabilirsiniz! Ad\u0131n\u0131z E-posta adresiniz Telefon numaran\u0131z \u0130letiniz (tercihe ba\u011fl\u0131)<\/p>\n","protected":false},"author":1,"featured_media":3924,"parent":0,"menu_order":0,"comment_status":"closed","ping_status":"closed","template":"elementor_header_footer","meta":{"_acf_changed":false,"footnotes":""},"class_list":["post-383","page","type-page","status-publish","has-post-thumbnail","hentry"],"acf":[],"yoast_head":"<!-- This site is optimized with the Yoast SEO plugin v26.8 - https:\/\/yoast.com\/product\/yoast-seo-wordpress\/ -->\n<title>\u00c7iftler i\u00e7in ileti\u015fim - Five and More Travel Blog<\/title>\n<meta name=\"robots\" content=\"index, follow, max-snippet:-1, max-image-preview:large, max-video-preview:-1\" \/>\n<link rel=\"canonical\" href=\"https:\/\/www.fiveandmoretravel.com\/blog\/balayi-iletisim\/\" \/>\n<meta property=\"og:locale\" content=\"tr_TR\" \/>\n<meta property=\"og:type\" content=\"article\" \/>\n<meta property=\"og:title\" content=\"\u00c7iftler i\u00e7in ileti\u015fim - Five and More Travel Blog\" \/>\n<meta property=\"og:description\" content=\"Yurtd\u0131\u015f\u0131 Balay\u0131n\u0131z\u0131 Planlarken Merak Etti\u011finizHer \u015eeyi Bize Sorabilirsiniz! Ad\u0131n\u0131z E-posta adresiniz Telefon numaran\u0131z \u0130letiniz (tercihe ba\u011fl\u0131)\" \/>\n<meta property=\"og:url\" content=\"https:\/\/www.fiveandmoretravel.com\/blog\/balayi-iletisim\/\" \/>\n<meta property=\"og:site_name\" content=\"Five and More Travel Blog\" \/>\n<meta property=\"article:modified_time\" content=\"2025-06-16T20:43:45+00:00\" \/>\n<meta property=\"og:image\" content=\"https:\/\/www.fiveandmoretravel.com\/blog\/wp-content\/uploads\/2025\/02\/maldivler-banner.jpg\" \/>\n\t<meta property=\"og:image:width\" content=\"1250\" \/>\n\t<meta property=\"og:image:height\" content=\"179\" \/>\n\t<meta property=\"og:image:type\" content=\"image\/jpeg\" \/>\n<meta name=\"twitter:card\" content=\"summary_large_image\" \/>\n<script type=\"application\/ld+json\" class=\"yoast-schema-graph\">{\"@context\":\"https:\/\/schema.org\",\"@graph\":[{\"@type\":\"WebPage\",\"@id\":\"https:\/\/www.fiveandmoretravel.com\/blog\/balayi-iletisim\/\",\"url\":\"https:\/\/www.fiveandmoretravel.com\/blog\/balayi-iletisim\/\",\"name\":\"\u00c7iftler i\u00e7in ileti\u015fim - Five and More Travel Blog\",\"isPartOf\":{\"@id\":\"https:\/\/www.fiveandmoretravel.com\/blog\/#website\"},\"primaryImageOfPage\":{\"@id\":\"https:\/\/www.fiveandmoretravel.com\/blog\/balayi-iletisim\/#primaryimage\"},\"image\":{\"@id\":\"https:\/\/www.fiveandmoretravel.com\/blog\/balayi-iletisim\/#primaryimage\"},\"thumbnailUrl\":\"https:\/\/www.fiveandmoretravel.com\/blog\/wp-content\/uploads\/2025\/02\/maldivler-banner.jpg\",\"datePublished\":\"2021-01-22T08:31:51+00:00\",\"dateModified\":\"2025-06-16T20:43:45+00:00\",\"breadcrumb\":{\"@id\":\"https:\/\/www.fiveandmoretravel.com\/blog\/balayi-iletisim\/#breadcrumb\"},\"inLanguage\":\"tr\",\"potentialAction\":[{\"@type\":\"ReadAction\",\"target\":[\"https:\/\/www.fiveandmoretravel.com\/blog\/balayi-iletisim\/\"]}]},{\"@type\":\"ImageObject\",\"inLanguage\":\"tr\",\"@id\":\"https:\/\/www.fiveandmoretravel.com\/blog\/balayi-iletisim\/#primaryimage\",\"url\":\"https:\/\/www.fiveandmoretravel.com\/blog\/wp-content\/uploads\/2025\/02\/maldivler-banner.jpg\",\"contentUrl\":\"https:\/\/www.fiveandmoretravel.com\/blog\/wp-content\/uploads\/2025\/02\/maldivler-banner.jpg\",\"width\":1250,\"height\":179},{\"@type\":\"BreadcrumbList\",\"@id\":\"https:\/\/www.fiveandmoretravel.com\/blog\/balayi-iletisim\/#breadcrumb\",\"itemListElement\":[{\"@type\":\"ListItem\",\"position\":1,\"name\":\"Anasayfa\",\"item\":\"https:\/\/www.fiveandmoretravel.com\/blog\/\"},{\"@type\":\"ListItem\",\"position\":2,\"name\":\"\u00c7iftler i\u00e7in ileti\u015fim\"}]},{\"@type\":\"WebSite\",\"@id\":\"https:\/\/www.fiveandmoretravel.com\/blog\/#website\",\"url\":\"https:\/\/www.fiveandmoretravel.com\/blog\/\",\"name\":\"Five and More Travel Blog\",\"description\":\"\",\"publisher\":{\"@id\":\"https:\/\/www.fiveandmoretravel.com\/blog\/#organization\"},\"potentialAction\":[{\"@type\":\"SearchAction\",\"target\":{\"@type\":\"EntryPoint\",\"urlTemplate\":\"https:\/\/www.fiveandmoretravel.com\/blog\/?s={search_term_string}\"},\"query-input\":{\"@type\":\"PropertyValueSpecification\",\"valueRequired\":true,\"valueName\":\"search_term_string\"}}],\"inLanguage\":\"tr\"},{\"@type\":\"Organization\",\"@id\":\"https:\/\/www.fiveandmoretravel.com\/blog\/#organization\",\"name\":\"Five and More Travel\",\"url\":\"https:\/\/www.fiveandmoretravel.com\/blog\/\",\"logo\":{\"@type\":\"ImageObject\",\"inLanguage\":\"tr\",\"@id\":\"https:\/\/www.fiveandmoretravel.com\/blog\/#\/schema\/logo\/image\/\",\"url\":\"https:\/\/www.fiveandmoretravel.com\/blog\/wp-content\/uploads\/2025\/02\/five-and-more-blog-fav-icon.jpg\",\"contentUrl\":\"https:\/\/www.fiveandmoretravel.com\/blog\/wp-content\/uploads\/2025\/02\/five-and-more-blog-fav-icon.jpg\",\"width\":128,\"height\":128,\"caption\":\"Five and More Travel\"},\"image\":{\"@id\":\"https:\/\/www.fiveandmoretravel.com\/blog\/#\/schema\/logo\/image\/\"}}]}<\/script>\n<!-- \/ Yoast SEO plugin. -->","yoast_head_json":{"title":"\u00c7iftler i\u00e7in ileti\u015fim - Five and More Travel Blog","robots":{"index":"index","follow":"follow","max-snippet":"max-snippet:-1","max-image-preview":"max-image-preview:large","max-video-preview":"max-video-preview:-1"},"canonical":"https:\/\/www.fiveandmoretravel.com\/blog\/balayi-iletisim\/","og_locale":"tr_TR","og_type":"article","og_title":"\u00c7iftler i\u00e7in ileti\u015fim - Five and More Travel Blog","og_description":"Yurtd\u0131\u015f\u0131 Balay\u0131n\u0131z\u0131 Planlarken Merak Etti\u011finizHer \u015eeyi Bize Sorabilirsiniz! Ad\u0131n\u0131z E-posta adresiniz Telefon numaran\u0131z \u0130letiniz (tercihe ba\u011fl\u0131)","og_url":"https:\/\/www.fiveandmoretravel.com\/blog\/balayi-iletisim\/","og_site_name":"Five and More Travel Blog","article_modified_time":"2025-06-16T20:43:45+00:00","og_image":[{"width":1250,"height":179,"url":"https:\/\/www.fiveandmoretravel.com\/blog\/wp-content\/uploads\/2025\/02\/maldivler-banner.jpg","type":"image\/jpeg"}],"twitter_card":"summary_large_image","schema":{"@context":"https:\/\/schema.org","@graph":[{"@type":"WebPage","@id":"https:\/\/www.fiveandmoretravel.com\/blog\/balayi-iletisim\/","url":"https:\/\/www.fiveandmoretravel.com\/blog\/balayi-iletisim\/","name":"\u00c7iftler i\u00e7in ileti\u015fim - Five and More Travel Blog","isPartOf":{"@id":"https:\/\/www.fiveandmoretravel.com\/blog\/#website"},"primaryImageOfPage":{"@id":"https:\/\/www.fiveandmoretravel.com\/blog\/balayi-iletisim\/#primaryimage"},"image":{"@id":"https:\/\/www.fiveandmoretravel.com\/blog\/balayi-iletisim\/#primaryimage"},"thumbnailUrl":"https:\/\/www.fiveandmoretravel.com\/blog\/wp-content\/uploads\/2025\/02\/maldivler-banner.jpg","datePublished":"2021-01-22T08:31:51+00:00","dateModified":"2025-06-16T20:43:45+00:00","breadcrumb":{"@id":"https:\/\/www.fiveandmoretravel.com\/blog\/balayi-iletisim\/#breadcrumb"},"inLanguage":"tr","potentialAction":[{"@type":"ReadAction","target":["https:\/\/www.fiveandmoretravel.com\/blog\/balayi-iletisim\/"]}]},{"@type":"ImageObject","inLanguage":"tr","@id":"https:\/\/www.fiveandmoretravel.com\/blog\/balayi-iletisim\/#primaryimage","url":"https:\/\/www.fiveandmoretravel.com\/blog\/wp-content\/uploads\/2025\/02\/maldivler-banner.jpg","contentUrl":"https:\/\/www.fiveandmoretravel.com\/blog\/wp-content\/uploads\/2025\/02\/maldivler-banner.jpg","width":1250,"height":179},{"@type":"BreadcrumbList","@id":"https:\/\/www.fiveandmoretravel.com\/blog\/balayi-iletisim\/#breadcrumb","itemListElement":[{"@type":"ListItem","position":1,"name":"Anasayfa","item":"https:\/\/www.fiveandmoretravel.com\/blog\/"},{"@type":"ListItem","position":2,"name":"\u00c7iftler i\u00e7in ileti\u015fim"}]},{"@type":"WebSite","@id":"https:\/\/www.fiveandmoretravel.com\/blog\/#website","url":"https:\/\/www.fiveandmoretravel.com\/blog\/","name":"Five and More Travel Blog","description":"","publisher":{"@id":"https:\/\/www.fiveandmoretravel.com\/blog\/#organization"},"potentialAction":[{"@type":"SearchAction","target":{"@type":"EntryPoint","urlTemplate":"https:\/\/www.fiveandmoretravel.com\/blog\/?s={search_term_string}"},"query-input":{"@type":"PropertyValueSpecification","valueRequired":true,"valueName":"search_term_string"}}],"inLanguage":"tr"},{"@type":"Organization","@id":"https:\/\/www.fiveandmoretravel.com\/blog\/#organization","name":"Five and More Travel","url":"https:\/\/www.fiveandmoretravel.com\/blog\/","logo":{"@type":"ImageObject","inLanguage":"tr","@id":"https:\/\/www.fiveandmoretravel.com\/blog\/#\/schema\/logo\/image\/","url":"https:\/\/www.fiveandmoretravel.com\/blog\/wp-content\/uploads\/2025\/02\/five-and-more-blog-fav-icon.jpg","contentUrl":"https:\/\/www.fiveandmoretravel.com\/blog\/wp-content\/uploads\/2025\/02\/five-and-more-blog-fav-icon.jpg","width":128,"height":128,"caption":"Five and More Travel"},"image":{"@id":"https:\/\/www.fiveandmoretravel.com\/blog\/#\/schema\/logo\/image\/"}}]}},"_links":{"self":[{"href":"https:\/\/www.fiveandmoretravel.com\/blog\/wp-json\/wp\/v2\/pages\/383","targetHints":{"allow":["GET"]}}],"collection":[{"href":"https:\/\/www.fiveandmoretravel.com\/blog\/wp-json\/wp\/v2\/pages"}],"about":[{"href":"https:\/\/www.fiveandmoretravel.com\/blog\/wp-json\/wp\/v2\/types\/page"}],"author":[{"embeddable":true,"href":"https:\/\/www.fiveandmoretravel.com\/blog\/wp-json\/wp\/v2\/users\/1"}],"replies":[{"embeddable":true,"href":"https:\/\/www.fiveandmoretravel.com\/blog\/wp-json\/wp\/v2\/comments?post=383"}],"version-history":[{"count":27,"href":"https:\/\/www.fiveandmoretravel.com\/blog\/wp-json\/wp\/v2\/pages\/383\/revisions"}],"predecessor-version":[{"id":4572,"href":"https:\/\/www.fiveandmoretravel.com\/blog\/wp-json\/wp\/v2\/pages\/383\/revisions\/4572"}],"wp:featuredmedia":[{"embeddable":true,"href":"https:\/\/www.fiveandmoretravel.com\/blog\/wp-json\/wp\/v2\/media\/3924"}],"wp:attachment":[{"href":"https:\/\/www.fiveandmoretravel.com\/blog\/wp-json\/wp\/v2\/media?parent=383"}],"curies":[{"name":"wp","href":"https:\/\/api.w.org\/{rel}","templated":true}]}}